{"id":66,"date":"2020-12-16T13:15:39","date_gmt":"2020-12-16T13:15:39","guid":{"rendered":"https:\/\/slibnik.org\/?page_id=66"},"modified":"2025-07-15T13:04:53","modified_gmt":"2025-07-15T13:04:53","slug":"slibnik-2","status":"publish","type":"page","link":"https:\/\/slibnik.org\/","title":{"rendered":"Home"},"content":{"rendered":"<!-- wp:themify-builder\/canvas \/-->","protected":false},"excerpt":{"rendered":"","protected":false},"author":1,"featured_media":0,"parent":0,"menu_order":0,"comment_status":"closed","ping_status":"closed","template":"","meta":{"footnotes":""},"class_list":["post-66","page","type-page","status-publish","hentry","has-post-title","has-post-date","has-post-category","has-post-tag","has-post-comment","has-post-author",""],"yoast_head":"<!-- This site is optimized with the Yoast SEO plugin v27.5 - https:\/\/yoast.com\/product\/yoast-seo-wordpress\/ -->\n<title>Home - slibnik<\/title>\n<meta name=\"description\" content=\"Dive into Slibnik\u2019s rock universe. Stream his tracks, catch his vibe, and book him live for your bar, event, or private gig.\" \/>\n<meta name=\"robots\" content=\"index, follow, max-snippet:-1, max-image-preview:large, max-video-preview:-1\" \/>\n<link rel=\"canonical\" href=\"https:\/\/slibnik.org\/\" \/>\n<meta property=\"og:locale\" content=\"en_US\" \/>\n<meta property=\"og:type\" content=\"article\" \/>\n<meta property=\"og:title\" content=\"Slibnik\" \/>\n<meta property=\"og:description\" content=\"Dive into Slibnik\u2019s rock universe. Stream his tracks, catch his vibe, and book him live for your bar, event, or private gig.\" \/>\n<meta property=\"og:url\" content=\"https:\/\/slibnik.org\/\" \/>\n<meta property=\"og:site_name\" content=\"slibnik\" \/>\n<meta property=\"article:modified_time\" content=\"2025-07-15T13:04:53+00:00\" \/>\n<meta property=\"og:image\" content=\"https:\/\/slibnik.org\/wp-content\/uploads\/2025\/06\/prion-lectus.jpg\" \/>\n\t<meta property=\"og:image:width\" content=\"1200\" \/>\n\t<meta property=\"og:image:height\" content=\"676\" \/>\n\t<meta property=\"og:image:type\" content=\"image\/jpeg\" \/>\n<meta name=\"twitter:card\" content=\"summary_large_image\" \/>\n<meta name=\"twitter:title\" content=\"Slibnik\" \/>\n<meta name=\"twitter:description\" content=\"Dive into Slibnik\u2019s rock universe. Stream his tracks, catch his vibe, and book him live for your bar, event, or private gig.\" \/>\n<meta name=\"twitter:image\" content=\"https:\/\/slibnik.org\/wp-content\/uploads\/2025\/06\/prion-lectus.jpg\" \/>\n<meta name=\"twitter:site\" content=\"@slibnik1\" \/>\n<meta name=\"twitter:label1\" content=\"Est. reading time\" \/>\n\t<meta name=\"twitter:data1\" content=\"7 minutes\" \/>\n<script type=\"application\/ld+json\" class=\"yoast-schema-graph\">{\"@context\":\"https:\\\/\\\/schema.org\",\"@graph\":[{\"@type\":\"WebPage\",\"@id\":\"https:\\\/\\\/slibnik.org\\\/\",\"url\":\"https:\\\/\\\/slibnik.org\\\/\",\"name\":\"Home - slibnik\",\"isPartOf\":{\"@id\":\"https:\\\/\\\/slibnik.org\\\/#website\"},\"primaryImageOfPage\":{\"@id\":\"https:\\\/\\\/slibnik.org\\\/#primaryimage\"},\"image\":{\"@id\":\"https:\\\/\\\/slibnik.org\\\/#primaryimage\"},\"thumbnailUrl\":\"https:\\\/\\\/slibnik.org\\\/wp-content\\\/uploads\\\/2025\\\/07\\\/Sans-titre-2-Recupere2.png\",\"datePublished\":\"2020-12-16T13:15:39+00:00\",\"dateModified\":\"2025-07-15T13:04:53+00:00\",\"description\":\"Dive into Slibnik\u2019s rock universe. Stream his tracks, catch his vibe, and book him live for your bar, event, or private gig.\",\"breadcrumb\":{\"@id\":\"https:\\\/\\\/slibnik.org\\\/#breadcrumb\"},\"inLanguage\":\"en-US\",\"potentialAction\":[{\"@type\":\"ReadAction\",\"target\":[\"https:\\\/\\\/slibnik.org\\\/\"]}]},{\"@type\":\"ImageObject\",\"inLanguage\":\"en-US\",\"@id\":\"https:\\\/\\\/slibnik.org\\\/#primaryimage\",\"url\":\"https:\\\/\\\/slibnik.org\\\/wp-content\\\/uploads\\\/2025\\\/07\\\/Sans-titre-2-Recupere2.png\",\"contentUrl\":\"https:\\\/\\\/slibnik.org\\\/wp-content\\\/uploads\\\/2025\\\/07\\\/Sans-titre-2-Recupere2.png\",\"width\":1024,\"height\":1024},{\"@type\":\"BreadcrumbList\",\"@id\":\"https:\\\/\\\/slibnik.org\\\/#breadcrumb\",\"itemListElement\":[{\"@type\":\"ListItem\",\"position\":1,\"name\":\"Home\",\"item\":\"https:\\\/\\\/slibnik.org\\\/\"},{\"@type\":\"ListItem\",\"position\":2,\"name\":\"Home\"}]},{\"@type\":\"WebSite\",\"@id\":\"https:\\\/\\\/slibnik.org\\\/#website\",\"url\":\"https:\\\/\\\/slibnik.org\\\/\",\"name\":\"slibnik\",\"description\":\"\",\"publisher\":{\"@id\":\"https:\\\/\\\/slibnik.org\\\/#organization\"},\"potentialAction\":[{\"@type\":\"SearchAction\",\"target\":{\"@type\":\"EntryPoint\",\"urlTemplate\":\"https:\\\/\\\/slibnik.org\\\/?s={search_term_string}\"},\"query-input\":{\"@type\":\"PropertyValueSpecification\",\"valueRequired\":true,\"valueName\":\"search_term_string\"}}],\"inLanguage\":\"en-US\"},{\"@type\":\"Organization\",\"@id\":\"https:\\\/\\\/slibnik.org\\\/#organization\",\"name\":\"slibnik\",\"url\":\"https:\\\/\\\/slibnik.org\\\/\",\"logo\":{\"@type\":\"ImageObject\",\"inLanguage\":\"en-US\",\"@id\":\"https:\\\/\\\/slibnik.org\\\/#\\\/schema\\\/logo\\\/image\\\/\",\"url\":\"https:\\\/\\\/slibnik.org\\\/wp-content\\\/uploads\\\/2025\\\/07\\\/Sans-titre-2-Recupere2.png\",\"contentUrl\":\"https:\\\/\\\/slibnik.org\\\/wp-content\\\/uploads\\\/2025\\\/07\\\/Sans-titre-2-Recupere2.png\",\"width\":1024,\"height\":1024,\"caption\":\"slibnik\"},\"image\":{\"@id\":\"https:\\\/\\\/slibnik.org\\\/#\\\/schema\\\/logo\\\/image\\\/\"},\"sameAs\":[\"https:\\\/\\\/x.com\\\/slibnik1\"]}]}<\/script>\n<!-- \/ Yoast SEO plugin. -->","yoast_head_json":{"title":"Home - slibnik","description":"Dive into Slibnik\u2019s rock universe. Stream his tracks, catch his vibe, and book him live for your bar, event, or private gig.","robots":{"index":"index","follow":"follow","max-snippet":"max-snippet:-1","max-image-preview":"max-image-preview:large","max-video-preview":"max-video-preview:-1"},"canonical":"https:\/\/slibnik.org\/","og_locale":"en_US","og_type":"article","og_title":"Slibnik","og_description":"Dive into Slibnik\u2019s rock universe. Stream his tracks, catch his vibe, and book him live for your bar, event, or private gig.","og_url":"https:\/\/slibnik.org\/","og_site_name":"slibnik","article_modified_time":"2025-07-15T13:04:53+00:00","og_image":[{"width":1200,"height":676,"url":"https:\/\/slibnik.org\/wp-content\/uploads\/2025\/06\/prion-lectus.jpg","type":"image\/jpeg"}],"twitter_card":"summary_large_image","twitter_title":"Slibnik","twitter_description":"Dive into Slibnik\u2019s rock universe. Stream his tracks, catch his vibe, and book him live for your bar, event, or private gig.","twitter_image":"https:\/\/slibnik.org\/wp-content\/uploads\/2025\/06\/prion-lectus.jpg","twitter_site":"@slibnik1","twitter_misc":{"Est. reading time":"7 minutes"},"schema":{"@context":"https:\/\/schema.org","@graph":[{"@type":"WebPage","@id":"https:\/\/slibnik.org\/","url":"https:\/\/slibnik.org\/","name":"Home - slibnik","isPartOf":{"@id":"https:\/\/slibnik.org\/#website"},"primaryImageOfPage":{"@id":"https:\/\/slibnik.org\/#primaryimage"},"image":{"@id":"https:\/\/slibnik.org\/#primaryimage"},"thumbnailUrl":"https:\/\/slibnik.org\/wp-content\/uploads\/2025\/07\/Sans-titre-2-Recupere2.png","datePublished":"2020-12-16T13:15:39+00:00","dateModified":"2025-07-15T13:04:53+00:00","description":"Dive into Slibnik\u2019s rock universe. Stream his tracks, catch his vibe, and book him live for your bar, event, or private gig.","breadcrumb":{"@id":"https:\/\/slibnik.org\/#breadcrumb"},"inLanguage":"en-US","potentialAction":[{"@type":"ReadAction","target":["https:\/\/slibnik.org\/"]}]},{"@type":"ImageObject","inLanguage":"en-US","@id":"https:\/\/slibnik.org\/#primaryimage","url":"https:\/\/slibnik.org\/wp-content\/uploads\/2025\/07\/Sans-titre-2-Recupere2.png","contentUrl":"https:\/\/slibnik.org\/wp-content\/uploads\/2025\/07\/Sans-titre-2-Recupere2.png","width":1024,"height":1024},{"@type":"BreadcrumbList","@id":"https:\/\/slibnik.org\/#breadcrumb","itemListElement":[{"@type":"ListItem","position":1,"name":"Home","item":"https:\/\/slibnik.org\/"},{"@type":"ListItem","position":2,"name":"Home"}]},{"@type":"WebSite","@id":"https:\/\/slibnik.org\/#website","url":"https:\/\/slibnik.org\/","name":"slibnik","description":"","publisher":{"@id":"https:\/\/slibnik.org\/#organization"},"potentialAction":[{"@type":"SearchAction","target":{"@type":"EntryPoint","urlTemplate":"https:\/\/slibnik.org\/?s={search_term_string}"},"query-input":{"@type":"PropertyValueSpecification","valueRequired":true,"valueName":"search_term_string"}}],"inLanguage":"en-US"},{"@type":"Organization","@id":"https:\/\/slibnik.org\/#organization","name":"slibnik","url":"https:\/\/slibnik.org\/","logo":{"@type":"ImageObject","inLanguage":"en-US","@id":"https:\/\/slibnik.org\/#\/schema\/logo\/image\/","url":"https:\/\/slibnik.org\/wp-content\/uploads\/2025\/07\/Sans-titre-2-Recupere2.png","contentUrl":"https:\/\/slibnik.org\/wp-content\/uploads\/2025\/07\/Sans-titre-2-Recupere2.png","width":1024,"height":1024,"caption":"slibnik"},"image":{"@id":"https:\/\/slibnik.org\/#\/schema\/logo\/image\/"},"sameAs":["https:\/\/x.com\/slibnik1"]}]}},"builder_content":"<h1>Slibnik spits riffs, sharp and quick.<\/h1> <h1>Live on stage\u00a0 loud and hypnotic.<\/h1>\n<a href=\"https:\/\/slibnik.org\/?page_id=72\" > Book Now <\/a> <a href=\"https:\/\/slibnik.org\/?page_id=78\" > LEARN MORE <\/a>\n<img src=\"https:\/\/slibnik.org\/wp-content\/uploads\/2025\/07\/Sans-titre-2-Recupere2.png\" title=\"Sans titre-2-R\u00e9cup\u00e9r\u00e92\" alt=\"Sans titre-2-R\u00e9cup\u00e9r\u00e92\" srcset=\"https:\/\/slibnik.org\/wp-content\/uploads\/2025\/07\/Sans-titre-2-Recupere2.png 1024w, https:\/\/slibnik.org\/wp-content\/uploads\/2025\/07\/Sans-titre-2-Recupere2-300x300.png 300w, https:\/\/slibnik.org\/wp-content\/uploads\/2025\/07\/Sans-titre-2-Recupere2-150x150.png 150w, https:\/\/slibnik.org\/wp-content\/uploads\/2025\/07\/Sans-titre-2-Recupere2-768x768.png 768w, https:\/\/slibnik.org\/wp-content\/uploads\/2025\/07\/Sans-titre-2-Recupere2-150x150-52x52.png 52w\" sizes=\"(max-width: 1024px) 100vw, 1024px\" \/>\n<img src=\"https:\/\/slibnik.org\/wp-content\/uploads\/2025\/07\/Sans-titre-4-441x580.jpg\" width=\"441\" height=\"580\" title=\"Sans titre-4\" alt=\"Sans titre-4\">\n<h3>Follow Slibnik and stay in tune:<\/h3> <p data-start=\"187\" data-end=\"382\">Get exclusive access to behind-the-scenes content, early demos, private booking alerts, and intimate livestreams.<br data-start=\"300\" data-end=\"303\">Join our community and never miss a beat from raw takes to rare performances.<\/p>\n<h3>Spotlight on Slibnik<br\/>Experience the unique sound of rising artist Slibnik.<\/h3>\n[themify_album_posts limit=\"3\" image_w=\"365\" image_h=\"385\" style=\"grid3\"]\n<h3><strong data-start=\"380\" data-end=\"412\">We\u2019re everywhere you listen.<\/strong><br data-start=\"412\" data-end=\"415\">Find Slibnik on your favorite platforms and never miss a beat.<\/h3>\n<a href=\"https:\/\/slibnik.org\/?page_id=72\" > Book Now <\/a>\n<a href=\"https:\/\/www.youtube.com\/channel\/UCmc7r5m_n1ksJ519Q_gvw5A\/videos\"> <img src=\"https:\/\/slibnik.org\/wp-content\/uploads\/2025\/07\/youtube.jpg\" title=\"youtube\" alt=\"youtube\" srcset=\"https:\/\/slibnik.org\/wp-content\/uploads\/2025\/07\/youtube.jpg 225w, https:\/\/slibnik.org\/wp-content\/uploads\/2025\/07\/youtube-150x150.jpg 150w\" sizes=\"(max-width: 225px) 100vw, 225px\" \/> <\/a>\n<a href=\"https:\/\/open.spotify.com\/intl-fr\/artist\/0vj5hVUW2uCaOJ1midiQ7A\"> <img src=\"https:\/\/slibnik.org\/wp-content\/uploads\/2025\/07\/sqpotify.jpg\" title=\"sqpotify\" alt=\"sqpotify\" srcset=\"https:\/\/slibnik.org\/wp-content\/uploads\/2025\/07\/sqpotify.jpg 225w, https:\/\/slibnik.org\/wp-content\/uploads\/2025\/07\/sqpotify-150x150.jpg 150w\" sizes=\"(max-width: 225px) 100vw, 225px\" \/> <\/a>\n<a href=\"https:\/\/x.com\/slibnik1\"> <img src=\"https:\/\/slibnik.org\/wp-content\/uploads\/2025\/07\/X.jpg\" title=\"X\" alt=\"X\" srcset=\"https:\/\/slibnik.org\/wp-content\/uploads\/2025\/07\/X.jpg 225w, https:\/\/slibnik.org\/wp-content\/uploads\/2025\/07\/X-150x150.jpg 150w\" sizes=\"(max-width: 225px) 100vw, 225px\" \/> <\/a>\n<a href=\"https:\/\/www.instagram.com\/slibnik1\/?igsh=MTlibDA3bGRpOGU5Zg%3D%3D&#038;utm_source=qr#\"> <img src=\"https:\/\/slibnik.org\/wp-content\/uploads\/2025\/07\/instagram.jpg\" title=\"instagram\" alt=\"instagram\" srcset=\"https:\/\/slibnik.org\/wp-content\/uploads\/2025\/07\/instagram.jpg 225w, https:\/\/slibnik.org\/wp-content\/uploads\/2025\/07\/instagram-150x150.jpg 150w\" sizes=\"(max-width: 225px) 100vw, 225px\" \/> <\/a>\n<h3>AVAILABLE BOOKINGS<br\/>Slibnik Past Shows & Highlights<\/h3>\n[themify_event_posts limit=\"4\" style=\"list-post\" image_w=\"200\" image_h=\"120\" order=\"\"]\n<a href=\"https:\/\/slibnik.org\/wp-content\/uploads\/2025\/06\/jerome-govender-2114365.jpg\"> <img src=\"https:\/\/slibnik.org\/wp-content\/uploads\/2025\/06\/jerome-govender-2114365-675x600.jpg\" width=\"675\" height=\"600\" title=\"jerome-govender-2114365\" alt=\"jerome-govender-2114365\"> <\/a>\n<a href=\"https:\/\/slibnik.org\/wp-content\/uploads\/2025\/06\/prion-lectus.jpg\"> <img src=\"https:\/\/slibnik.org\/wp-content\/uploads\/2025\/06\/prion-lectus-1024x577-475x302.jpg\" width=\"475\" height=\"302\" title=\"prion-lectus\" alt=\"prion-lectus\"> <\/a>\n<a href=\"https:\/\/slibnik.org\/wp-content\/uploads\/2025\/06\/wendy-wei.jpg\"> <img src=\"https:\/\/slibnik.org\/wp-content\/uploads\/2025\/06\/wendy-wei-1024x499-475x302.jpg\" width=\"475\" height=\"302\" title=\"wendy-wei\" alt=\"wendy-wei\"> <\/a>\n<a href=\"https:\/\/slibnik.org\/wp-content\/uploads\/2025\/06\/pharetra.jpg\"> <img src=\"https:\/\/slibnik.org\/wp-content\/uploads\/2025\/06\/moshing-large-379x295.jpg\" width=\"379\" height=\"295\" title=\"moshing-large\" alt=\"moshing-large\"> <\/a>\n<img src=\"https:\/\/slibnik.org\/wp-content\/uploads\/2025\/07\/Capture-decran-2025-07-02-164633-379x295.png\" width=\"379\" height=\"295\" title=\"Capture d&#039;\u00e9cran 2025-07-02 164633\" alt=\"Capture d&#039;\u00e9cran 2025-07-02 164633\">\n<a href=\"https:\/\/slibnik.org\/wp-content\/uploads\/2025\/06\/big-tom-fisk-1692695.jpg\"> <img src=\"https:\/\/slibnik.org\/wp-content\/uploads\/2025\/06\/big-tom-fisk-1692695-1024x577-379x295.jpg\" width=\"379\" height=\"295\" title=\"big-tom-fisk-1692695\" alt=\"big-tom-fisk-1692695\"> <\/a>\n<h3>RECENT SHOWREELS<br\/>Watch artist showreels and portfolio highlights<\/h3>\n<a href=\"https:\/\/www.youtube.com\/watch?v=HEGRPSiHULk&#038;list=PLs-CejZN3uoQKwPSIVLnOMpiMbqn6DX6E\"> <svg aria-label=\"Open\" role=\"img\"><use href=\"#tf-ti-search\"><\/use><\/svg> <img src=\"https:\/\/slibnik.org\/wp-content\/uploads\/2025\/07\/hqdefault-1160x630.jpg\" width=\"1160\" height=\"630\" title=\"hqdefault\" alt=\"hqdefault\"> <\/a>\n[themify_video_posts limit=\"3\" style=\"grid3\" post_date=\"yes\" display=\"none\" image_w=\"366\" image_h=\"280\"]","_links":{"self":[{"href":"https:\/\/slibnik.org\/index.php?rest_route=\/wp\/v2\/pages\/66","targetHints":{"allow":["GET"]}}],"collection":[{"href":"https:\/\/slibnik.org\/index.php?rest_route=\/wp\/v2\/pages"}],"about":[{"href":"https:\/\/slibnik.org\/index.php?rest_route=\/wp\/v2\/types\/page"}],"author":[{"embeddable":true,"href":"https:\/\/slibnik.org\/index.php?rest_route=\/wp\/v2\/users\/1"}],"replies":[{"embeddable":true,"href":"https:\/\/slibnik.org\/index.php?rest_route=%2Fwp%2Fv2%2Fcomments&post=66"}],"version-history":[{"count":5,"href":"https:\/\/slibnik.org\/index.php?rest_route=\/wp\/v2\/pages\/66\/revisions"}],"predecessor-version":[{"id":382,"href":"https:\/\/slibnik.org\/index.php?rest_route=\/wp\/v2\/pages\/66\/revisions\/382"}],"wp:attachment":[{"href":"https:\/\/slibnik.org\/index.php?rest_route=%2Fwp%2Fv2%2Fmedia&parent=66"}],"curies":[{"name":"wp","href":"https:\/\/api.w.org\/{rel}","templated":true}]}}